{"id":3051,"date":"2025-07-22T14:26:10","date_gmt":"2025-07-22T12:26:10","guid":{"rendered":"https:\/\/livermore.style\/contact\/"},"modified":"2026-02-12T14:31:56","modified_gmt":"2026-02-12T12:31:56","slug":"contact","status":"publish","type":"page","link":"https:\/\/livermore.style\/en\/contact\/","title":{"rendered":"Contact"},"content":{"rendered":"<section class=\"l-section wpb_row us_custom_6df4bc3a headerLegado has_text_color height_huge with_video\"><div id=\"us_bg_video_g733\" class=\"l-section-video\"><script id=\"us_bg_video_g733-script\">!function(w){var node = document.getElementById( 'us_bg_video_g733' );if ( w.innerWidth <= 1 ) { node.remove() }}(window);<\/script><style>@media(max-width:1px){#us_bg_video_g733{display:none!important}}<\/style><video  autoplay loop muted playsinline preload=\"auto\"><source type=\"video\/mp4\" src=\"https:\/\/livermore.style\/wp-content\/uploads\/2025\/07\/livermore-video_5.mp4\" \/><\/video><\/div><div class=\"l-section-overlay\" style=\"background:rgba(78,64,54,0.95)\"><\/div><div class=\"l-section-h i-cf\"><div class=\"g-cols vc_row via_flex valign_top type_default stacking_default\"><div class=\"vc_col-sm-12 wpb_column vc_column_container\"><div class=\"vc_column-inner\"><div class=\"wpb_wrapper\">[vc_custom_heading text=&#8221;Contact&#8221; font_container=&#8221;tag:h1|text_align:center&#8221; use_theme_fonts=&#8221;yes&#8221; css=&#8221;%7B%22default%22%3A%7B%22animation-name%22%3A%22afc%22%2C%22animation-delay%22%3A%220.5s%22%7D%7D&#8221;]<div class=\"wpb_text_column us_custom_76fb93da us_animate_this\"><div class=\"wpb_wrapper\"><p>Every detail has been designed for those who value authenticity, silence, and beauty. If you&#8217;ve made it this far, it&#8217;s because you feel that Livermore could be part of your story. You&#8217;re just one message away from discovering it.<\/p>\n<\/div><\/div><\/div><\/div><\/div><\/div><\/div><\/section><section class=\"l-section wpb_row us_custom_cb309c69 has_text_color height_huge\"><div class=\"l-section-h i-cf\"><div class=\"g-cols vc_row via_flex valign_top type_default stacking_default\"><div class=\"vc_col-sm-12 wpb_column vc_column_container\"><div class=\"vc_column-inner\"><div class=\"wpb_wrapper\">[vc_custom_heading text=&#8221;Discover LIVERMORE in our priority service salon&#8221; font_container=&#8221;tag:h2|text_align:center&#8221; use_theme_fonts=&#8221;yes&#8221; css=&#8221;%7B%22default%22%3A%7B%22text-align%22%3A%22center%22%2C%22font-size%22%3A%223rem%22%2C%22font-family%22%3A%22h1%22%2C%22padding-top%22%3A%220%22%7D%2C%22laptops%22%3A%7B%22text-align%22%3A%22inherit%22%2C%22font-size%22%3A%223rem%22%2C%22font-family%22%3A%22h1%22%7D%2C%22tablets%22%3A%7B%22text-align%22%3A%22inherit%22%2C%22font-size%22%3A%222.5rem%22%2C%22font-family%22%3A%22h1%22%7D%2C%22mobiles%22%3A%7B%22text-align%22%3A%22left%22%2C%22font-size%22%3A%221.5rem%22%2C%22font-family%22%3A%22h1%22%7D%7D&#8221;]<div class=\"wpb_text_column us_custom_be307c93\"><div class=\"wpb_wrapper\"><p>An exclusive space where the experience of discovering twelve livable gems between the sea and nature begins. Private visits by appointment. Construction began in November 2025.<\/p>\n<\/div><\/div><div class=\"g-cols wpb_row us_custom_aec7dde0 via_flex valign_top type_default stacking_default\"><div class=\"vc_col-sm-2 wpb_column vc_column_container\"><div class=\"vc_column-inner\"><div class=\"wpb_wrapper\"><\/div><\/div><\/div><div class=\"vc_col-sm-8 wpb_column vc_column_container has_bg_color\"><div class=\"vc_column-inner us_custom_10276f9a\"><div class=\"wpb_wrapper\"><div class=\"wpb_text_column us_custom_6c644ccf has_text_color\"><div class=\"wpb_wrapper\"><p>Business hours: <strong>10:00 AM to 6:00 PM<\/strong>, Monday to Friday. Personalized service by appointment, with flexible hours.<\/p>\n<\/div><\/div><\/div><\/div><\/div><div class=\"vc_col-sm-2 wpb_column vc_column_container\"><div class=\"vc_column-inner\"><div class=\"wpb_wrapper\"><\/div><\/div><\/div><\/div><\/div><\/div><\/div><\/div><\/div><\/section><section class=\"l-section wpb_row us_custom_c628fd14 height_huge\"><div class=\"l-section-h i-cf\"><div class=\"g-cols vc_row via_flex valign_top type_default stacking_default\"><div class=\"vc_col-sm-12 wpb_column vc_column_container\"><div class=\"vc_column-inner\"><div class=\"wpb_wrapper\">[vc_custom_heading text=&#8221;Start Discovering&#8221; font_container=&#8221;tag:h2|text_align:center&#8221; use_theme_fonts=&#8221;yes&#8221; css=&#8221;%7B%22default%22%3A%7B%22font-size%22%3A%224.35rem%22%2C%22letter-spacing%22%3A%2220px%22%2C%22text-transform%22%3A%22uppercase%22%7D%2C%22laptops%22%3A%7B%22font-size%22%3A%223.75rem%22%2C%22letter-spacing%22%3A%2215px%22%2C%22text-transform%22%3A%22uppercase%22%7D%2C%22tablets%22%3A%7B%22font-size%22%3A%223.15rem%22%2C%22letter-spacing%22%3A%2210px%22%2C%22text-transform%22%3A%22uppercase%22%7D%2C%22mobiles%22%3A%7B%22font-size%22%3A%222.55rem%22%2C%22letter-spacing%22%3A%225px%22%2C%22text-transform%22%3A%22uppercase%22%7D%7D&#8221;]\n<div class=\"wpcf7 no-js us_custom_9c8fd950\" id=\"wpcf7-f798-o1\" lang=\"en-US\" dir=\"ltr\" data-wpcf7-id=\"798\">\n<div class=\"screen-reader-response\"><p role=\"status\" aria-live=\"polite\" aria-atomic=\"true\"><\/p> <ul><\/ul><\/div>\n<form action=\"\/en\/wp-json\/wp\/v2\/pages\/3051#wpcf7-f798-o1\" method=\"post\" class=\"wpcf7-form init cf7mls-no-scroll cf7mls-auto-return-first-step cf7mls-no-moving-animation wpcf7-acceptance-as-validation\" aria-label=\"Contact form\" novalidate=\"novalidate\" data-status=\"init\">\n<fieldset class=\"hidden-fields-container\"><input type=\"hidden\" name=\"_wpcf7\" value=\"798\" \/><input type=\"hidden\" name=\"_wpcf7_version\" value=\"6.1.5\" \/><input type=\"hidden\" name=\"_wpcf7_locale\" value=\"en_US\" \/><input type=\"hidden\" name=\"_wpcf7_unit_tag\" value=\"wpcf7-f798-o1\" \/><input type=\"hidden\" name=\"_wpcf7_container_post\" value=\"0\" \/><input type=\"hidden\" name=\"_wpcf7_posted_data_hash\" value=\"\" \/><input type=\"hidden\" name=\"_wpcf7_recaptcha_response\" value=\"\" \/>\n<\/fieldset>\n<div class=\"fieldset-cf7mls-wrapper\" data-transition-effects><fieldset class=\"fieldset-cf7mls cf7mls_current_fs\"><div class=\"row\">\n\t<div class=\"col-xs-12\">\n\t\t<div class=\"form-group\">\n\t\t\t<p><label for=\"nombre\"><span class=\"label\">First and Last Name<\/span><span class=\"wpcf7-form-control-wrap\" data-name=\"nombre\"><input size=\"40\" maxlength=\"400\" class=\"wpcf7-form-control wpcf7-text wpcf7-validates-as-required\" id=\"nombre\" aria-required=\"true\" aria-invalid=\"false\" placeholder=\"First and Last Name*\" value=\"\" type=\"text\" name=\"nombre\" \/><\/span><\/label>\n\t\t\t<\/p>\n\t\t<\/div>\n\t<\/div>\n<\/div>\n<div class=\"row\">\n\t<div class=\"col-xs-12\">\n\t\t<div class=\"form-group\">\n\t\t\t<p><label for=\"email\"><span class=\"label\">Email<\/span><span class=\"wpcf7-form-control-wrap\" data-name=\"email\"><input size=\"40\" maxlength=\"400\" class=\"wpcf7-form-control wpcf7-email wpcf7-validates-as-required wpcf7-text wpcf7-validates-as-email\" id=\"email\" aria-required=\"true\" aria-invalid=\"false\" placeholder=\"Email*\" value=\"\" type=\"email\" name=\"email\" \/><\/span><\/label>\n\t\t\t<\/p>\n\t\t<\/div>\n\t<\/div>\n<\/div>\n<div class=\"cf7mls-btns \"><button type=\"button\" class=\"cf7mls_next cf7mls_btn action-button\" name=\"cf7mls_next\" id=\"cf7mls-next-btn-cf7mls_step-1\" style=\"background-color: #4e4036; color: #ffffff\">Next<img decoding=\"async\" src=\"https:\/\/livermore.style\/wp-content\/plugins\/cf7-multi-step\/assets\/frontend\/img\/loader.svg\" alt=\"Step Loading\" data-lazy-src=\"https:\/\/livermore.style\/wp-content\/plugins\/cf7-multi-step\/assets\/frontend\/img\/loader.svg\" style=\"display: none;\" \/><\/button><\/div><p><\/p><\/fieldset><fieldset class=\"fieldset-cf7mls\">\n<\/p>\n<div class=\"row\">\n\t<div class=\"col-xs-12\">\n\t\t<div class=\"form-group\">\n\t\t\t<p><label for=\"telefono\"><span class=\"label\">Phone<\/span><span class=\"wpcf7-form-control-wrap\" data-name=\"telefono\"><input size=\"40\" class=\"wpcf7-form-control wpcf7-phonetext wpcf7-validates-as-required wpcf7-text wpcf7-validates-as-phonetext\" id=\"telefono\" aria-required=\"true\" aria-invalid=\"false\" placeholder=\"Phone*\" value=\"\" type=\"text\" name=\"telefono\" \/><input type=\"hidden\" name=\"telefono-country-code\" class=\"wpcf7-phonetext-country-code\" \/><\/span><\/label>\n\t\t\t<\/p>\n\t\t<\/div>\n\t<\/div>\n<\/div>\n<div class=\"row\">\n\t<div class=\"col-xs-12\">\n\t\t<div class=\"form-group\">\n\t\t\t<p><label for=\"pais\"><span class=\"label\">Country<\/span><span class=\"wpcf7-form-control-wrap\" data-name=\"pais\"><select class=\"wpcf7-form-control wpcf7-select wpcf7-validates-as-required\" id=\"pais\" aria-required=\"true\" aria-invalid=\"false\" name=\"pais\"><option value=\"\">Country*<\/option><option value=\"ES\">Spain<\/option><option value=\"US\">United States<\/option><option value=\"SE\">Sweden<\/option><option value=\"GB\">United Kingdom<\/option><option value=\"NO\">Norway<\/option><option value=\"BE\">Belgium<\/option><option value=\"NL\">Netherlands<\/option><option value=\"PL\">Poland<\/option><option value=\"FR\">France<\/option><option value=\"DE\">Germany<\/option><option value=\"AO\">Others<\/option><\/select><\/span><\/label>\n\t\t\t<\/p>\n\t\t<\/div>\n\t<\/div>\n<\/div>\n<div class=\"row\">\n\t<div class=\"col-xs-12\">\n\t\t<div class=\"form-group\">\n\t\t\t<p><span class=\"wpcf7-form-control-wrap\" data-name=\"legal\"><span class=\"wpcf7-form-control wpcf7-acceptance\"><span class=\"wpcf7-list-item\"><label><input type=\"checkbox\" name=\"legal\" value=\"1\" id=\"legal\" aria-invalid=\"false\" \/><span class=\"wpcf7-list-item-label\">I have read and accept the <a target=\"_blank\" rel=\"nofollow\" href=\"https:\/\/livermore.style\/en\/privacy-policy\/\">privacy policy<\/a>.<\/span><\/label><\/span><\/span><\/span>\n\t\t\t<\/p>\n\t\t<\/div>\n\t<\/div>\n<\/div>\n<div class=\"block-submit\">\n\t<p><input class=\"wpcf7-form-control wpcf7-submit has-spinner\" id=\"form-contact\" type=\"submit\" value=\"Send\" \/>\n\t<\/p>\n<\/div>\n<div class=\"cf7mls-btns cf7mls-btns-last-step\"><button type=\"button\" class=\"cf7mls_back action-button\" name=\"cf7mls_back\" id=\"cf7mls-back-btn-cf7mls_step-2\" style=\"background-color: #4e4036; color: #ffffff\">Previous<\/button><button type=\"button\" style=\"display: none;\" class=\"cf7mls_next cf7mls_btn action-button\" name=\"cf7mls_next\" id=\"cf7mls-next-btn-cf7mls_step-2\" style=\"background-color: #4e4036; color: #ffffff\"><img decoding=\"async\" src=\"https:\/\/livermore.style\/wp-content\/plugins\/cf7-multi-step\/assets\/frontend\/img\/loader.svg\" alt=\"Step Loading\" data-lazy-src=\"https:\/\/livermore.style\/wp-content\/plugins\/cf7-multi-step\/assets\/frontend\/img\/loader.svg\" style=\"display: none;\" \/><\/button>\n<\/p><\/fieldset><\/div><div class=\"wpcf7-response-output\" aria-hidden=\"true\"><\/div>\n<\/form>\n<\/div>\n<div class=\"g-cols wpb_row us_custom_8f9dc53e hide_on_default hide_on_laptops hide_on_tablets hide_on_mobiles via_flex valign_middle type_default reversed stacking_default\"><div class=\"vc_col-sm-6 wpb_column vc_column_container\"><div class=\"vc_column-inner\"><div class=\"wpb_wrapper\"><div class=\"w-html\"><iframe src=\"https:\/\/www.google.com\/maps\/embed?pb=!1m18!1m12!1m3!1d3198.0200125143097!2d-4.3848025!3d36.722080600000005!2m3!1f0!2f0!3f0!3m2!1i1024!2i768!4f13.1!3m3!1m2!1s0xd725921a50e5ac1:0x143d652d8522b980!2sLivermore, M\u00e1laga!5e0!3m2!1ses!2ses!4v1761740361612!5m2!1ses!2ses\" style=\"border:0; width:100%; height:450px;\" allowfullscreen=\"\" loading=\"lazy\" referrerpolicy=\"no-referrer-when-downgrade\"><\/iframe><\/div><\/div><\/div><\/div><div class=\"vc_col-sm-6 wpb_column vc_column_container\"><div class=\"vc_column-inner\"><div class=\"wpb_wrapper\">[vc_custom_heading text=&#8221;Address&#8221; font_container=&#8221;tag:h3|text_align:center&#8221; use_theme_fonts=&#8221;yes&#8221; css=&#8221;%7B%22default%22%3A%7B%22margin-bottom%22%3A%220%22%7D%7D&#8221;]<div class=\"wpb_text_column us_custom_eb849559\"><div class=\"wpb_wrapper\"><p><a href=\"https:\/\/maps.app.goo.gl\/z7YWGCb8jB5osu9a6\" target=\"_blank\" rel=\"noopener\">Cam. de la Desviaci\u00f3n, 10, M\u00e1laga-Este, 29018 M\u00e1laga <\/a><\/p>\n<\/div><\/div>[vc_custom_heading text=&#8221;Phone&#8221; font_container=&#8221;tag:h3|text_align:center&#8221; use_theme_fonts=&#8221;yes&#8221; css=&#8221;%7B%22default%22%3A%7B%22margin-bottom%22%3A%220%22%7D%7D&#8221;]<div class=\"wpb_text_column us_custom_eb849559\"><div class=\"wpb_wrapper\"><p><a href=\"tel:+34616212628\">+34 616 21 26 28<\/a><\/p>\n<\/div><\/div>[vc_custom_heading text=&#8221;Schedule&#8221; font_container=&#8221;tag:h3|text_align:center&#8221; use_theme_fonts=&#8221;yes&#8221; css=&#8221;%7B%22default%22%3A%7B%22margin-bottom%22%3A%220%22%7D%7D&#8221;]<div class=\"wpb_text_column us_custom_eb849559\"><div class=\"wpb_wrapper\"><p>Monday to Friday &#8211; 10:00 AM\u20136:00 PM<\/p>\n<\/div><\/div><\/div><\/div><\/div><\/div><div class=\"w-image us_custom_b9a0b0a9 align_center\"><div class=\"w-image-h\"><img decoding=\"async\" src=\"https:\/\/livermore.style\/wp-content\/uploads\/2025\/04\/lmr.svg\" class=\"attachment-full size-full\" alt=\"\" loading=\"lazy\" \/><\/div><\/div><div class=\"w-html\"><script>jQuery(document).ready(function () {\n    \/\/ Manejo del desplazamiento horizontal\n    handleHorizontalScroll();\n    \/\/ Manejo de la expansi\u00f3n del video\n    handleVideoResize();\n\n    jQuery(window).scroll();\n});\n\n\/\/ Funci\u00f3n para manejar el comportamiento de desplazamiento horizontal\nfunction handleHorizontalScroll() {\n    jQuery('.nested').each(function () {\n        let $window = jQuery(window);\n        let $nested = jQuery(this);\n        let $nestedPlaceholder = $nested.parent();\n        let verticalScrollRange, upperMargin, lowerMargin;\n\n        \/\/ Ajustar en el redimensionamiento de la ventana\n        $window.resize(function () {\n            $nested.removeClass(\"fixed\").css({ left: 0 });\n\t\t\tjQuery('body').removeClass(\"elements-fixed\");\n            let placeholderHeight = $nestedPlaceholder.css({ height: '' }).height();\n            $nestedPlaceholder.addClass(\"heightParent\");\n            verticalScrollRange = placeholderHeight - $window.height();\n            upperMargin = $nestedPlaceholder.offset().top + $window.height();\n            lowerMargin = upperMargin + verticalScrollRange;\n            $nestedPlaceholder.height(placeholderHeight);\n        });\n\n        \/\/ Manejo del scroll\n        $window.scroll(function () {\n            let scrollTop = $window.scrollTop();\n\n            \/\/ Comprobar si est\u00e1 en el rango de scroll\n            if (scrollTop > upperMargin && scrollTop < lowerMargin) {\n                $nested.addClass(\"fixed\");\t\t\t\t\n\t\t\t\tjQuery('body').addClass(\"elements-fixed\");\n                $nestedPlaceholder.removeClass(\"heightParent\");\n\n                let horizontalScrollRange = $nested.width() - jQuery('body').width();\n                let verticalScrollPosition = scrollTop - upperMargin;\n                let horizontalScrollPosition = verticalScrollPosition \/ verticalScrollRange * horizontalScrollRange;\n\n                $nested.css({ left: -horizontalScrollPosition });\n            } else {\n                $nested.removeClass(\"fixed\").css({ left: 0 });\n\t\t\t\tjQuery('body').removeClass(\"elements-fixed\");\n                $nestedPlaceholder.addClass(\"heightParent\");\n            }\n        });\n\n        \/\/ Inicializar en el redimensionamiento de la ventana\n        $window.resize();\n    });\n}\n\n\/\/ Funci\u00f3n para manejar la expansi\u00f3n del video\nfunction handleVideoResize() {\n    if (jQuery('.video-section').length) {\n        \/\/ Relaci\u00f3n de aspecto y dimensiones m\u00e1ximas\n        var aspectRatio = 927 \/ 452;\n        var maxWidth = 927;\n        var maxHeight = 452;\n\n        \/\/ Calcular tama\u00f1o inicial basado en la ventana\n        function calculateInitialSize() {\n            var windowWidth = jQuery(window).width();\n            var initialWidth = Math.min(maxWidth, windowWidth * 0.8);\n            var initialHeight = initialWidth \/ aspectRatio;\n\n            if (initialHeight > maxHeight) {\n                initialHeight = maxHeight;\n                initialWidth = initialHeight * aspectRatio;\n            }\n            return { width: initialWidth, height: initialHeight };\n        }\n\n        var fullWidth = jQuery(window).width();\n        var fullHeight = jQuery(window).height();\n        var scrollLimit = fullHeight; \/\/ L\u00edmite de scroll para tama\u00f1o completo\n        var isFullScreen = false; \/\/ Indica si el video est\u00e1 en pantalla completa\n\n        var initialSize = calculateInitialSize();\n        var initialWidth = initialSize.width;\n        var initialHeight = initialSize.height;\n\n        \/\/ Funci\u00f3n para manejar el scroll y cambiar el tama\u00f1o del video\n        function handleScrollResize() {\n            var scrollTopVideo = jQuery(window).scrollTop();\n\n            if (scrollTopVideo <= scrollLimit) {\n                var newWidth = initialWidth + (scrollTopVideo \/ scrollLimit) * (fullWidth - initialWidth);\n                var newHeight = initialHeight + (scrollTopVideo \/ scrollLimit) * (fullHeight - initialHeight);\n\n                jQuery('.video-section .w-video').css({\n                    'max-width': newWidth + 'px',\n                    'width': newWidth + 'px',\n                    'height': newHeight + 'px',\n                });\n            }\n\n            if (scrollTopVideo > scrollLimit) {\n                jQuery('.video-section .w-video').css({\n                    'max-width': fullWidth + 'px',\n                    'width': fullWidth + 'px',\n                    'height': fullHeight + 'px'\n                });\n                if (!isFullScreen) {\n                    jQuery('.video-section').css({ 'position': 'relative' });\n                    isFullScreen = true;\n                }\n            }\n\n            if (scrollTopVideo < scrollLimit && isFullScreen) {\n                jQuery('.video-section .w-video').css({\n                    'max-width': initialWidth + 'px',\n                    'width': initialWidth + 'px',\n                    'height': initialHeight + 'px',\n                });\n                jQuery('.video-section').css({ 'position': 'fixed' });\n                isFullScreen = false;\n            }\n        }\n\n        \/\/ Ejecutar la funci\u00f3n de redimensionado\n        handleScrollResize();\n        jQuery(window).on('scroll resize', function () {\n            handleScrollResize();\n        });\n    }\n}\n\n<\/script><\/div><\/div><\/div><\/div><\/div><\/div><\/section>\n","protected":false},"excerpt":{"rendered":"[vc_custom_heading text=\"Contact\" font_container=\"tag:h1|text_align:center\" use_theme_fonts=\"yes\" css=\"%7B%22default%22%3A%7B%22animation-name%22%3A%22afc%22%2C%22animation-delay%22%3A%220.5s%22%7D%7D\"]Every detail has been designed for those who value authenticity, silence, and beauty. If you&#8217;ve made it this far, it&#8217;s because you feel that Livermore could be part of your story. You&#8217;re just one message away from discovering it. [vc_custom_heading text=\"Discover LIVERMORE in our priority service salon\" font_container=\"tag:h2|text_align:center\" use_theme_fonts=\"yes\" css=\"%7B%22default%22%3A%7B%22text-align%22%3A%22center%22%2C%22font-size%22%3A%223rem%22%2C%22font-family%22%3A%22h1%22%2C%22padding-top%22%3A%220%22%7D%2C%22laptops%22%3A%7B%22text-align%22%3A%22inherit%22%2C%22font-size%22%3A%223rem%22%2C%22font-family%22%3A%22h1%22%7D%2C%22tablets%22%3A%7B%22text-align%22%3A%22inherit%22%2C%22font-size%22%3A%222.5rem%22%2C%22font-family%22%3A%22h1%22%7D%2C%22mobiles%22%3A%7B%22text-align%22%3A%22left%22%2C%22font-size%22%3A%221.5rem%22%2C%22font-family%22%3A%22h1%22%7D%7D\"]An exclusive...","protected":false},"author":1,"featured_media":0,"parent":0,"menu_order":0,"comment_status":"closed","ping_status":"closed","template":"","meta":{"_acf_changed":false,"footnotes":""},"class_list":["post-3051","page","type-page","status-publish","hentry"],"acf":[],"yoast_head":"<!-- This site is optimized with the Yoast SEO plugin v27.4 - https:\/\/yoast.com\/product\/yoast-seo-wordpress\/ -->\n<title>Contact | Livermore<\/title>\n<meta name=\"robots\" content=\"index, follow, max-snippet:-1, max-image-preview:large, max-video-preview:-1\" \/>\n<link rel=\"canonical\" href=\"https:\/\/livermore.style\/en\/contact\/\" \/>\n<meta property=\"og:locale\" content=\"en_US\" \/>\n<meta property=\"og:type\" content=\"article\" \/>\n<meta property=\"og:title\" content=\"Contact | Livermore\" \/>\n<meta property=\"og:url\" content=\"https:\/\/livermore.style\/en\/contact\/\" \/>\n<meta property=\"og:site_name\" content=\"Livermore\" \/>\n<meta property=\"article:modified_time\" content=\"2026-02-12T12:31:56+00:00\" \/>\n<meta name=\"twitter:card\" content=\"summary_large_image\" \/>\n<meta name=\"twitter:label1\" content=\"Est. reading time\" \/>\n\t<meta name=\"twitter:data1\" content=\"8 minutes\" \/>\n<script type=\"application\/ld+json\" class=\"yoast-schema-graph\">{\"@context\":\"https:\\\/\\\/schema.org\",\"@graph\":[{\"@type\":\"WebPage\",\"@id\":\"https:\\\/\\\/livermore.style\\\/en\\\/contact\\\/\",\"url\":\"https:\\\/\\\/livermore.style\\\/en\\\/contact\\\/\",\"name\":\"Contact | Livermore\",\"isPartOf\":{\"@id\":\"https:\\\/\\\/livermore.style\\\/en\\\/#website\"},\"datePublished\":\"2025-07-22T12:26:10+00:00\",\"dateModified\":\"2026-02-12T12:31:56+00:00\",\"breadcrumb\":{\"@id\":\"https:\\\/\\\/livermore.style\\\/en\\\/contact\\\/#breadcrumb\"},\"inLanguage\":\"en-US\",\"potentialAction\":[{\"@type\":\"ReadAction\",\"target\":[\"https:\\\/\\\/livermore.style\\\/en\\\/contact\\\/\"]}]},{\"@type\":\"BreadcrumbList\",\"@id\":\"https:\\\/\\\/livermore.style\\\/en\\\/contact\\\/#breadcrumb\",\"itemListElement\":[{\"@type\":\"ListItem\",\"position\":1,\"name\":\"Portada\",\"item\":\"https:\\\/\\\/livermore.style\\\/en\\\/home\\\/\"},{\"@type\":\"ListItem\",\"position\":2,\"name\":\"Contact\"}]},{\"@type\":\"WebSite\",\"@id\":\"https:\\\/\\\/livermore.style\\\/en\\\/#website\",\"url\":\"https:\\\/\\\/livermore.style\\\/en\\\/\",\"name\":\"Livermore\",\"description\":\"\",\"publisher\":{\"@id\":\"https:\\\/\\\/livermore.style\\\/en\\\/#organization\"},\"potentialAction\":[{\"@type\":\"SearchAction\",\"target\":{\"@type\":\"EntryPoint\",\"urlTemplate\":\"https:\\\/\\\/livermore.style\\\/en\\\/?s={search_term_string}\"},\"query-input\":{\"@type\":\"PropertyValueSpecification\",\"valueRequired\":true,\"valueName\":\"search_term_string\"}}],\"inLanguage\":\"en-US\"},{\"@type\":\"Organization\",\"@id\":\"https:\\\/\\\/livermore.style\\\/en\\\/#organization\",\"name\":\"Livermore\",\"url\":\"https:\\\/\\\/livermore.style\\\/en\\\/\",\"logo\":{\"@type\":\"ImageObject\",\"inLanguage\":\"en-US\",\"@id\":\"https:\\\/\\\/livermore.style\\\/en\\\/#\\\/schema\\\/logo\\\/image\\\/\",\"url\":\"https:\\\/\\\/livermore.style\\\/wp-content\\\/uploads\\\/2025\\\/04\\\/logo.png\",\"contentUrl\":\"https:\\\/\\\/livermore.style\\\/wp-content\\\/uploads\\\/2025\\\/04\\\/logo.png\",\"width\":589,\"height\":113,\"caption\":\"Livermore\"},\"image\":{\"@id\":\"https:\\\/\\\/livermore.style\\\/en\\\/#\\\/schema\\\/logo\\\/image\\\/\"}}]}<\/script>\n<!-- \/ Yoast SEO plugin. -->","yoast_head_json":{"title":"Contact | Livermore","robots":{"index":"index","follow":"follow","max-snippet":"max-snippet:-1","max-image-preview":"max-image-preview:large","max-video-preview":"max-video-preview:-1"},"canonical":"https:\/\/livermore.style\/en\/contact\/","og_locale":"en_US","og_type":"article","og_title":"Contact | Livermore","og_url":"https:\/\/livermore.style\/en\/contact\/","og_site_name":"Livermore","article_modified_time":"2026-02-12T12:31:56+00:00","twitter_card":"summary_large_image","twitter_misc":{"Est. reading time":"8 minutes"},"schema":{"@context":"https:\/\/schema.org","@graph":[{"@type":"WebPage","@id":"https:\/\/livermore.style\/en\/contact\/","url":"https:\/\/livermore.style\/en\/contact\/","name":"Contact | Livermore","isPartOf":{"@id":"https:\/\/livermore.style\/en\/#website"},"datePublished":"2025-07-22T12:26:10+00:00","dateModified":"2026-02-12T12:31:56+00:00","breadcrumb":{"@id":"https:\/\/livermore.style\/en\/contact\/#breadcrumb"},"inLanguage":"en-US","potentialAction":[{"@type":"ReadAction","target":["https:\/\/livermore.style\/en\/contact\/"]}]},{"@type":"BreadcrumbList","@id":"https:\/\/livermore.style\/en\/contact\/#breadcrumb","itemListElement":[{"@type":"ListItem","position":1,"name":"Portada","item":"https:\/\/livermore.style\/en\/home\/"},{"@type":"ListItem","position":2,"name":"Contact"}]},{"@type":"WebSite","@id":"https:\/\/livermore.style\/en\/#website","url":"https:\/\/livermore.style\/en\/","name":"Livermore","description":"","publisher":{"@id":"https:\/\/livermore.style\/en\/#organization"},"potentialAction":[{"@type":"SearchAction","target":{"@type":"EntryPoint","urlTemplate":"https:\/\/livermore.style\/en\/?s={search_term_string}"},"query-input":{"@type":"PropertyValueSpecification","valueRequired":true,"valueName":"search_term_string"}}],"inLanguage":"en-US"},{"@type":"Organization","@id":"https:\/\/livermore.style\/en\/#organization","name":"Livermore","url":"https:\/\/livermore.style\/en\/","logo":{"@type":"ImageObject","inLanguage":"en-US","@id":"https:\/\/livermore.style\/en\/#\/schema\/logo\/image\/","url":"https:\/\/livermore.style\/wp-content\/uploads\/2025\/04\/logo.png","contentUrl":"https:\/\/livermore.style\/wp-content\/uploads\/2025\/04\/logo.png","width":589,"height":113,"caption":"Livermore"},"image":{"@id":"https:\/\/livermore.style\/en\/#\/schema\/logo\/image\/"}}]}},"_links":{"self":[{"href":"https:\/\/livermore.style\/en\/wp-json\/wp\/v2\/pages\/3051","targetHints":{"allow":["GET"]}}],"collection":[{"href":"https:\/\/livermore.style\/en\/wp-json\/wp\/v2\/pages"}],"about":[{"href":"https:\/\/livermore.style\/en\/wp-json\/wp\/v2\/types\/page"}],"author":[{"embeddable":true,"href":"https:\/\/livermore.style\/en\/wp-json\/wp\/v2\/users\/1"}],"replies":[{"embeddable":true,"href":"https:\/\/livermore.style\/en\/wp-json\/wp\/v2\/comments?post=3051"}],"version-history":[{"count":29,"href":"https:\/\/livermore.style\/en\/wp-json\/wp\/v2\/pages\/3051\/revisions"}],"predecessor-version":[{"id":4740,"href":"https:\/\/livermore.style\/en\/wp-json\/wp\/v2\/pages\/3051\/revisions\/4740"}],"wp:attachment":[{"href":"https:\/\/livermore.style\/en\/wp-json\/wp\/v2\/media?parent=3051"}],"curies":[{"name":"wp","href":"https:\/\/api.w.org\/{rel}","templated":true}]}}